{"id":9,"date":"2021-08-17T05:38:47","date_gmt":"2021-08-17T05:38:47","guid":{"rendered":"https:\/\/www.childhoodhealth.com.dream.website\/?page_id=9"},"modified":"2026-02-19T22:42:20","modified_gmt":"2026-02-19T22:42:20","slug":"contact","status":"publish","type":"page","link":"https:\/\/www.childhoodhealth.com\/es\/contact\/","title":{"rendered":"Contacto"},"content":{"rendered":"<div class=\"wp-block-group alignwide align-items--top is-content-justification-center is-layout-flex wp-container-core-group-is-layout-45c46f86 wp-block-group-is-layout-flex\">\n<div class=\"wp-block-group is-layout-flow wp-block-group-is-layout-flow\">\n<h2 class=\"wp-block-heading has-text-align-right translation-block\" id=\"need-to-reach-us\" style=\"margin-top:0rem\">\u00bfNecesitas <strong><span class=\"has-inline-color has-ch-blue-color\">contactar<\/span><\/strong> con nosotros?<\/h2>\n\n\n\n<p class=\"has-text-align-right has-extra-small-font-size\"><img decoding=\"async\" class=\"wp-image-346\" style=\"width: 0px;\" src=\"http:\/\/childhood-health\/wp-content\/uploads\/2021\/03\/CH_bird_sticker.svg\" alt=\"\"><em style=\"color: var(--global--color-primary); font-family: var(--global--font-secondary);\">Para todas las emergencias, marque el 911.<\/em> <\/p>\n<\/div>\n\n\n\n<figure class=\"wp-block-table childhood-health-phone-list is-style-childhoodhealth-divider-border\"><table><tbody><tr><td class=\"has-text-align-right\" data-align=\"right\"><a href=\"tel:15033642181\">503.364.2181<\/a><\/td><td class=\"has-text-align-left\" data-align=\"left\">Citas<br>Preguntas generales<br>Nurse Advice Line<\/td><\/tr><tr><td class=\"has-text-align-right\" data-align=\"right\"><a href=\"tel:15033640227\">503.364.0227<\/a><\/td><td class=\"has-text-align-left\" data-align=\"left\">Facturaci\u00f3n<br>Oficina de negocios<\/td><\/tr><tr><td class=\"has-text-align-right\" data-align=\"right\">503.364.0364<\/td><td class=\"has-text-align-left\" data-align=\"left\">Fax<br><br>Patient Portal: <a href=\"https:\/\/patientportal.intelichart.com\/\">https:\/\/patientportal.intelichart.com\/<\/a><br><\/td><\/tr><\/tbody><\/table><\/figure>\n<\/div>\n\n\n\n<div style=\"height:100px\" aria-hidden=\"true\" id=\"locations\" class=\"wp-block-spacer mt-0\"><\/div>\n\n\n\n<h2 class=\"wp-block-heading has-text-align-left translation-block\" id=\"our-location\">Nuestra <strong><span class=\"has-inline-color has-ch-blue-color\">Ubicaci\u00f3n<\/span><\/strong><\/h2>\n\n\n\n<div data-map-provider=\"mapbox\" data-api-key=\"pk.eyJ1IjoiY2pkZXNpZ25zIiwiYSI6ImNrbWM3enB2bDI5ZXUyb29qcTQ3czhrMG0ifQ.8N3z958ZnQROP-Esb9_cCw\" class=\"wp-block-jetpack-map is-style-black_and_white alignwide\" data-map-style=\"black_and_white\" data-map-details=\"true\" data-points=\"[{&quot;placeTitle&quot;:&quot;23rd Street Northeast&quot;,&quot;title&quot;:&quot;23rd Street Northeast&quot;,&quot;caption&quot;:&quot;891 23rd Street Northeast, Salem, Oregon 97301, United States&quot;,&quot;id&quot;:&quot;address.7320646687952010&quot;,&quot;coordinates&quot;:{&quot;longitude&quot;:-123.00687,&quot;latitude&quot;:44.943045}}]\" data-zoom=\"14\" data-map-center=\"{&quot;lng&quot;:-123.00687,&quot;lat&quot;:44.943045}\" data-marker-color=\"#4d9e7d\" data-map-height=\"400\" data-show-fullscreen-button=\"true\"><ul><li><a href=\"https:\/\/www.google.com\/maps\/search\/?api=1&amp;query=44.943045,-123.00687\">23rd Street Northeast<\/a><\/li><\/ul><\/div>\n\n\n\n<div class=\"wp-block-group align-items--top is-layout-flex wp-block-group-is-layout-flex\">\n<figure class=\"wp-block-image size-full has-custom-border is-style-default\"><img data-recalc-dims=\"1\" loading=\"lazy\" decoding=\"async\" width=\"400\" height=\"194\" src=\"https:\/\/i0.wp.com\/www.childhoodhealth.com.dream.website\/wp-content\/uploads\/2021\/08\/chaos_building.jpg?resize=400%2C194&#038;ssl=1\" alt=\"\" class=\"wp-image-65\" style=\"border-radius:8px\" srcset=\"https:\/\/i0.wp.com\/www.childhoodhealth.com\/wp-content\/uploads\/2021\/08\/chaos_building.jpg?w=400&amp;ssl=1 400w, https:\/\/i0.wp.com\/www.childhoodhealth.com\/wp-content\/uploads\/2021\/08\/chaos_building.jpg?resize=300%2C146&amp;ssl=1 300w\" sizes=\"auto, (max-width: 400px) 100vw, 400px\" \/><figcaption class=\"wp-element-caption\">891 23rd Street NE Salem, Oregon 97301<\/figcaption><\/figure>\n\n\n\n<div class=\"wp-block-group is-layout-flow wp-container-core-group-is-layout-96530188 wp-block-group-is-layout-flow\">\n<h3 class=\"wp-block-heading has-ch-blue-color has-text-color has-medium-font-size\" id=\"hours\"><strong>HORAS<\/strong><\/h3>\n\n\n\n<p class=\"has-extra-small-font-size\"><strong>Monday\u2013Thursday<\/strong><br>8:00 am \u2013 8:00 pm (note: after 5:00 pm, phone calls go through to our answering service first)<\/p>\n\n\n\n<p><\/p>\n\n\n\n<p><strong>Friday<\/strong><\/p>\n\n\n\n<p>8:00 am &#8211; 5:00 pm<\/p>\n\n\n\n<p><\/p>\n\n\n\n<p class=\"has-extra-small-font-size\"><strong>Saturday<\/strong><br>9:00 am \u2013 12:00 pm<\/p>\n\n\n\n<p class=\"has-small-font-size translation-block\">Disponible <strong>tardes<\/strong> y <strong>fines de semana<\/strong> <br>solo con cita previa<\/p>\n<\/div>\n<\/div>\n\n\n\n<div style=\"height:100px\" aria-hidden=\"true\" class=\"wp-block-spacer\"><\/div>\n\n\n\n<h2 class=\"wp-block-heading is-style-cjd-dotted-border-bottom translation-block\" id=\"interested-in-joining-our-team\">Interesado en <strong><span class=\"has-inline-color has-ch-blue-color\">unirse a nuestro equipo<\/span><\/strong>?<\/h2>\n\n\n\n<p>Siempre aceptaremos solicitudes de personas entusiastas y experimentadas que deseen trabajar en una cl\u00ednica dedicada a la atenci\u00f3n m\u00e9dica de calidad para pacientes pedi\u00e1tricos.&nbsp;<\/p>\n\n\n\n<p>Los departamentos que tenemos en nuestra cl\u00ednica incluyen registros m\u00e9dicos, recepci\u00f3n, operadores telef\u00f3nicos, enfermeras asesoras, enfermeras de planta e int\u00e9rpretes. Biling\u00fce es una ventaja para todos los departamentos.<\/p>\n\n\n\n<p>El Cuerpo Nacional de Servicios de Salud (NHSC, por sus siglas en ingl\u00e9s) ofrece asistencia para el pago de pr\u00e9stamos libres de impuestos para apoyar a los proveedores de atenci\u00f3n m\u00e9dica calificados que eligen llevar sus habilidades donde m\u00e1s se necesitan. Clic <a href=\"http:\/\/nhsc.hrsa.gov\/\" target=\"_blank\" rel=\"noreferrer noopener\">aqu\u00ed<\/a> para saber m\u00e1s.<\/p>\n\n\n\n<h3 class=\"wp-block-heading translation-block\" id=\"current-openings\">Ofertas de trabajo <strong><span class=\"has-inline-color has-ch-blue-color\">actuales<\/span><\/strong><\/h3>\n\n\n<ul class=\"wp-block-cjd-blocks-current-posts\"><li><a href=\"https:\/\/www.childhoodhealth.com\/es\/job-listings\/medical-assistant\/\">Medical Assistant<\/a><\/li><li><a href=\"https:\/\/www.childhoodhealth.com\/es\/job-listings\/behavioral-health-coordinator\/\">Behavioral Health Consultant (Provider)<\/a><\/li><\/ul>\n\n\n<h4 class=\"wp-block-heading translation-block\" id=\"to-apply-for-a-position-download-and-fill-out-below-forms\"><strong><span class=\"has-inline-color has-ch-blue-color\">Para aplicar<\/span><\/strong> para un puesto, <br>descargue y complete los formularios a continuaci\u00f3n.<\/h4>\n\n\n\n<p>Estos pueden enviarse por correo o dejarse en nuestra cl\u00ednica. Una breve carta de presentaci\u00f3n que describa sus intereses laborales, as\u00ed como las habilidades especiales que traer\u00eda a nuestra cl\u00ednica es una ventaja.<\/p>\n\n\n\n<div style=\"height:50px\" aria-hidden=\"true\" class=\"wp-block-spacer\"><\/div>\n\n\n\n<div data-wp-interactive=\"core\/file\" class=\"wp-block-file aligncenter\"><object data-wp-bind--hidden=\"!state.hasPdfPreview\" hidden class=\"wp-block-file__embed\" data=\"https:\/\/www.childhoodhealth.com\/wp-content\/uploads\/2022\/02\/employment-application.pdf\" type=\"application\/pdf\" style=\"width:100%;height:600px\" aria-label=\"Incrustado de Employment Application.\"><\/object><a id=\"wp-block-file--media-817aa042-960f-46bf-82fc-d4c3facda9e1\" href=\"https:\/\/www.childhoodhealth.com\/wp-content\/uploads\/2022\/02\/employment-application.pdf\" target=\"_blank\" rel=\"noreferrer noopener\">Employment Application<\/a><a href=\"https:\/\/www.childhoodhealth.com\/wp-content\/uploads\/2022\/02\/employment-application.pdf\" class=\"wp-block-file__button wp-element-button\" download aria-describedby=\"wp-block-file--media-817aa042-960f-46bf-82fc-d4c3facda9e1\">Descargar<\/a><\/div>","protected":false},"excerpt":{"rendered":"<p>Need to reach us? For all emergencies, dial 911. 503.364.2181 AppointmentsGeneral QuestionsNurse Advice Line 503.364.0227 BillingBusiness Office 503.364.0364 Fax Patient Portal: https:\/\/patientportal.intelichart.com\/ Our Location HOURS Monday\u2013Thursday8:00 am \u2013 8:00 pm (note: after 5:00 pm, phone calls go through to our answering service first) Friday 8:00 am &#8211; 5:00 pm Saturday9:00 am \u2013 12:00 pm Available &hellip;<\/p>","protected":false},"author":1,"featured_media":569,"parent":0,"menu_order":0,"comment_status":"closed","ping_status":"closed","template":"","meta":{"advanced_seo_description":"","jetpack_seo_html_title":"","jetpack_seo_noindex":false,"footnotes":""},"class_list":["post-9","page","type-page","status-publish","has-post-thumbnail","hentry","entry"],"jetpack_sharing_enabled":true,"_links":{"self":[{"href":"https:\/\/www.childhoodhealth.com\/es\/wp-json\/wp\/v2\/pages\/9","targetHints":{"allow":["GET"]}}],"collection":[{"href":"https:\/\/www.childhoodhealth.com\/es\/wp-json\/wp\/v2\/pages"}],"about":[{"href":"https:\/\/www.childhoodhealth.com\/es\/wp-json\/wp\/v2\/types\/page"}],"author":[{"embeddable":true,"href":"https:\/\/www.childhoodhealth.com\/es\/wp-json\/wp\/v2\/users\/1"}],"replies":[{"embeddable":true,"href":"https:\/\/www.childhoodhealth.com\/es\/wp-json\/wp\/v2\/comments?post=9"}],"version-history":[{"count":19,"href":"https:\/\/www.childhoodhealth.com\/es\/wp-json\/wp\/v2\/pages\/9\/revisions"}],"predecessor-version":[{"id":958,"href":"https:\/\/www.childhoodhealth.com\/es\/wp-json\/wp\/v2\/pages\/9\/revisions\/958"}],"wp:featuredmedia":[{"embeddable":true,"href":"https:\/\/www.childhoodhealth.com\/es\/wp-json\/wp\/v2\/media\/569"}],"wp:attachment":[{"href":"https:\/\/www.childhoodhealth.com\/es\/wp-json\/wp\/v2\/media?parent=9"}],"curies":[{"name":"wp","href":"https:\/\/api.w.org\/{rel}","templated":true}]}}