{"id":8,"date":"2021-08-17T05:38:47","date_gmt":"2021-08-17T05:38:47","guid":{"rendered":"https:\/\/www.childhoodhealth.com.dream.website\/?page_id=8"},"modified":"2024-07-26T18:25:20","modified_gmt":"2024-07-26T18:25:20","slug":"about","status":"publish","type":"page","link":"https:\/\/www.childhoodhealth.com\/es\/about\/","title":{"rendered":"Sobre"},"content":{"rendered":"<h2 class=\"wp-block-heading\" id=\"let-us-introduce-ourselves\">Vamos a <strong><span class=\"has-inline-color has-ch-blue-color\">presentarnos<\/span><\/strong> ...<\/h2>\n\n\n\n<p>Nosotros, en Childhood Health, somos una pr\u00e1ctica pedi\u00e1trica grupal que se especializa en el cuidado de ni\u00f1os que atienden a ni\u00f1os de Salem y sus alrededores desde 1977. Nos especializamos en ni\u00f1os con necesidades de salud complejas. Creemos que todos los ni\u00f1os merecen atenci\u00f3n m\u00e9dica de calidad. <\/p>\n\n\n\n<p>Brindamos servicios a una gran poblaci\u00f3n de ni\u00f1os en el Plan de salud de Oreg\u00f3n, as\u00ed como en la mayor\u00eda de los planes de salud comerciales en nuestra \u00e1rea. Nuestros servicios incluyen atenci\u00f3n preventiva integral, salud conductual, manejo de enfermedades y necesidades de salud urgentes. Dado que somos propiedad de m\u00e9dicos, podemos evolucionar r\u00e1pidamente a los cambios en la atenci\u00f3n m\u00e9dica y las necesidades de atenci\u00f3n m\u00e9dica de la familia.<\/p>\n\n\n\n<div style=\"height:100px\" aria-hidden=\"true\" class=\"wp-block-spacer\"><\/div>\n\n\n\n<div class=\"wp-block-columns is-layout-flex wp-container-core-columns-is-layout-28f84493 wp-block-columns-is-layout-flex\">\n<div class=\"wp-block-column is-vertically-aligned-bottom is-layout-flow wp-block-column-is-layout-flow\" style=\"flex-basis:33.33%\">\n<div class=\"wp-block-cjd-childhood-health-brand-assets items-justified-center is-mirrored-horizontally is-style-drop-shadow\" style=\"--childhood-health-brand-asset--stroke-width:10px\"><div class=\"svg-container\" style=\"--childhood-health-brand-asset--width:100%\"><svg xmlns=\"http:\/\/www.w3.org\/2000\/svg\" viewbox=\"0 0 40.5 23.5\"><path class=\"background\" d=\"m36.9 5.8-.7-4.3-2 3.1s-.7-3.1-2.1-4.4v1a11.3 11.3 0 0 1-1.4 5.6 3.1 3.1 0 0 1-.5 1 .1.1 0 0 0-.1.1l-.6.7-.2.2-.5.5-.2.3-.7.5h-.1l-.9.5h-.2l-.7.4h-.3l-.7.2h-1.3a7.5 7.5 0 0 1-5.8-2.8l-.4.5a5.3 5.3 0 0 0 1.6-3.8 5.4 5.4 0 0 0-10.6-.9V4L0 3.7l8.1 4.1-3.3 5.4 6.5-3.1-.5-.3a5.2 5.2 0 0 0 2.9.9h-.3a13.8 13.8 0 0 0 7.7 6.4h-.3l-1.1 6.3h1.8l.2-6h-.2l1.6.3H23v5.9h1.8l-1-5.9h-.3a10.5 10.5 0 0 0 2.5 0c6.8-.9 12.6-7.1 14.4-14.8ZM8.5 4.4a2.8 2.8 0 0 0-.1.9 3.1 3.1 0 0 0 .1 1 3.1 3.1 0 0 1-.1-1 2.8 2.8 0 0 1 .1-.9ZM9.9 9l-.5-.6Zm-.6-.7a5.6 5.6 0 0 0-.5-.8 5.6 5.6 0 0 1 .5.8Zm-.5-1-.3-.7ZM10 9.2l.7.5Zm5.7 1.1-.8.2Zm1.7-1.2a3.4 3.4 0 0 1-.6.6 3.4 3.4 0 0 0 .6-.6Zm-.7.7-.8.4Z\" fill=\"none\"><\/path><path d=\"M8.4 5.3a5.4 5.4 0 1 1 5.3 5.4 5.3 5.3 0 0 1-5.3-5.4Z\" fill=\"#e86e2c\"><\/path><path d=\"M12.2 4.3a1.4 1.4 0 0 1 1.4-1.4A1.4 1.4 0 0 1 15 4.3a1.4 1.4 0 0 1-1.4 1.4 1.5 1.5 0 0 1-1.4-1.4Z\" fill=\"#130c0e\"><\/path><path d=\"M40.5 2.7c-1.8 7.7-7.6 13.9-14.4 14.8s-10-2.1-12.7-6.8h.3a5.1 5.1 0 0 0 4.2-2.1 7.5 7.5 0 0 0 5.8 2.8c4.7 0 8.4-4.5 8.4-10.2v-1c1.4 1.3 2.1 4.4 2.1 4.4l2-3.1.7 4.3 3.6-3.1Z\" fill=\"#66b5e0\"><\/path><path d=\"m11.3 10.1-6.5 3.1 3.3-5.4L0 3.7l8.5.3a6.2 6.2 0 0 0-.1 1.3 5.4 5.4 0 0 0 2.9 4.8Z\" fill=\"#f9d171\"><\/path><path d=\"M30.8 6.8a11 11 0 0 1 .2 1.8 6.6 6.6 0 0 1-6.6 6.9c-3.6 0-6.5-2.8-6.5-6.9a7.5 7.5 0 0 0 5.8 2.8 8.1 8.1 0 0 0 7.1-4.6ZM21.7 17.3l-.2 6h-1.8l1.1-6.3.9.3ZM23.9 17.6l1 5.9h-1.8v-6Z\" fill=\"#e86e2c\"><\/path><\/svg><\/div><\/div>\n<\/div>\n\n\n\n<div class=\"wp-block-column is-layout-flow wp-block-column-is-layout-flow\" style=\"flex-basis:66.66%\">\n<h2 class=\"wp-block-heading translation-block\" id=\"our-mission\">Nuestra <strong><span class=\"has-inline-color has-ch-blue-color\">misi\u00f3n<\/span><\/strong><\/h2>\n\n\n\n<p>Childhood Health existe para brindar atenci\u00f3n m\u00e9dica de calidad a fin de promover una salud f\u00edsica, mental y de desarrollo \u00f3ptima de nuestros pacientes.<\/p>\n<\/div>\n<\/div>\n\n\n\n<div style=\"height:100px\" aria-hidden=\"true\" id=\"providers-directory\" class=\"wp-block-spacer\"><\/div>\n\n\n\n<h2 class=\"wp-block-heading has-ch-blue-color has-text-color has-link-color wp-elements-cad596611563ccfde9a1dd133c1d2a45\" id=\"providers-directory\"><strong><mark style=\"background-color:rgba(0, 0, 0, 0)\" class=\"has-inline-color has-ch-blue-color\">Provider<\/mark><\/strong> <strong>Directory<\/strong><\/h2>\n\n\n<section class=\"provider-directory\"><ul class=\"has-provider-photo\"><li class=\"provider\"><a href=\"https:\/\/www.childhoodhealth.com\/es\/providers\/jacob-lowen-psyd\/\"><figure class=\"provider-photo\"><img decoding=\"async\" src=\"https:\/\/i0.wp.com\/www.childhoodhealth.com\/wp-content\/uploads\/2024\/01\/jalow1.jpg?fit=678%2C1024&#038;ssl=1\" \/><\/figure><div class=\"provider-info\"><h6 class=\"provider-name\">Jacob Lowen PsyD<\/h6><p class=\"provider-job-title\">Behavioral Health Consultant<\/p><\/div><\/a><\/li><li class=\"provider\"><a href=\"https:\/\/www.childhoodhealth.com\/es\/providers\/dr-antoinette-farah\/\"><figure class=\"provider-photo\"><img decoding=\"async\" src=\"https:\/\/i0.wp.com\/www.childhoodhealth.com\/wp-content\/uploads\/2022\/02\/Farah_1200x1500.jpg?fit=819%2C1024&#038;ssl=1\" \/><\/figure><div class=\"provider-info\"><h6 class=\"provider-name\">Antoinette Farah, MD<\/h6><p class=\"provider-job-title\">Pediatra<\/p><\/div><\/a><\/li><li class=\"provider\"><a href=\"https:\/\/www.childhoodhealth.com\/es\/providers\/kimberly-heggen\/\"><figure class=\"provider-photo\"><img decoding=\"async\" src=\"https:\/\/i0.wp.com\/www.childhoodhealth.com\/wp-content\/uploads\/2022\/02\/Heggen_1200x1500.jpg?fit=819%2C1024&#038;ssl=1\" \/><\/figure><div class=\"provider-info\"><h6 class=\"provider-name\">Kimberly Heggen, MD<\/h6><p class=\"provider-job-title\">Pediatra<\/p><\/div><\/a><\/li><li class=\"provider\"><a href=\"https:\/\/www.childhoodhealth.com\/es\/providers\/karen-heisler\/\"><figure class=\"provider-photo\"><img decoding=\"async\" src=\"https:\/\/i0.wp.com\/www.childhoodhealth.com\/wp-content\/uploads\/2022\/02\/Heisler_1200x1500.jpg?fit=819%2C1024&#038;ssl=1\" \/><\/figure><div class=\"provider-info\"><h6 class=\"provider-name\">Karen Heisler, MD<\/h6><p class=\"provider-job-title\">Pediatra<\/p><\/div><\/a><\/li><li class=\"provider\"><a href=\"https:\/\/www.childhoodhealth.com\/es\/providers\/jenny-hoelter\/\"><figure class=\"provider-photo\"><img decoding=\"async\" src=\"https:\/\/i0.wp.com\/www.childhoodhealth.com\/wp-content\/uploads\/2022\/02\/Hoelter_1200x1500.jpg?fit=819%2C1024&#038;ssl=1\" \/><\/figure><div class=\"provider-info\"><h6 class=\"provider-name\">Jenny Hoelter, MD<\/h6><p class=\"provider-job-title\">Pediatra<\/p><\/div><\/a><\/li><li class=\"provider\"><a href=\"https:\/\/www.childhoodhealth.com\/es\/providers\/suzanne-mcclintick\/\"><figure class=\"provider-photo\"><img decoding=\"async\" src=\"https:\/\/i0.wp.com\/www.childhoodhealth.com\/wp-content\/uploads\/2022\/02\/McClintick_1200x1500.jpg?fit=819%2C1024&#038;ssl=1\" \/><\/figure><div class=\"provider-info\"><h6 class=\"provider-name\">Suzanne McClintick, MD<\/h6><p class=\"provider-job-title\">Pediatra<\/p><\/div><\/a><\/li><li class=\"provider\"><a href=\"https:\/\/www.childhoodhealth.com\/es\/providers\/brian-mills\/\"><figure class=\"provider-photo\"><img decoding=\"async\" src=\"https:\/\/i0.wp.com\/www.childhoodhealth.com\/wp-content\/uploads\/2022\/03\/Mills_1200x1500.jpg?fit=819%2C1024&#038;ssl=1\" \/><\/figure><div class=\"provider-info\"><h6 class=\"provider-name\">Brian Mills, PA-C<\/h6><p class=\"provider-job-title\">Asistente medico<\/p><\/div><\/a><\/li><li class=\"provider\"><a href=\"https:\/\/www.childhoodhealth.com\/es\/providers\/margaret-newgard\/\"><figure class=\"provider-photo\"><img decoding=\"async\" src=\"https:\/\/i0.wp.com\/www.childhoodhealth.com\/wp-content\/uploads\/2022\/02\/Newgard_1200x1500.jpg?fit=819%2C1024&#038;ssl=1\" \/><\/figure><div class=\"provider-info\"><h6 class=\"provider-name\">Margaret Newgard, PA-C<\/h6><p class=\"provider-job-title\">Asistente medico<\/p><\/div><\/a><\/li><li class=\"provider\"><a href=\"https:\/\/www.childhoodhealth.com\/es\/providers\/dr-roxanne-rich\/\"><figure class=\"provider-photo\"><img decoding=\"async\" src=\"https:\/\/i0.wp.com\/www.childhoodhealth.com\/wp-content\/uploads\/2022\/02\/Rich_1200x1500.jpg?fit=819%2C1024&#038;ssl=1\" \/><\/figure><div class=\"provider-info\"><h6 class=\"provider-name\">Roxanne Rich, MD<\/h6><p class=\"provider-job-title\">Pediatra<\/p><\/div><\/a><\/li><li class=\"provider\"><a href=\"https:\/\/www.childhoodhealth.com\/es\/providers\/parya-samiei-pa-c\/\"><figure class=\"provider-photo\"><img decoding=\"async\" src=\"https:\/\/i0.wp.com\/www.childhoodhealth.com\/wp-content\/uploads\/2023\/01\/ParyaS.jpg?fit=678%2C1024&#038;ssl=1\" \/><\/figure><div class=\"provider-info\"><h6 class=\"provider-name\">Parya Samiei PA-C<\/h6><p class=\"provider-job-title\">Asistente medico<\/p><\/div><\/a><\/li><li class=\"provider\"><a href=\"https:\/\/www.childhoodhealth.com\/es\/providers\/tj-scarey\/\"><figure class=\"provider-photo\"><img decoding=\"async\" src=\"https:\/\/i0.wp.com\/www.childhoodhealth.com\/wp-content\/uploads\/2022\/02\/Scarey_1200x1500.jpg?fit=819%2C1024&#038;ssl=1\" \/><\/figure><div class=\"provider-info\"><h6 class=\"provider-name\">TJ Scarey, PA-C<\/h6><p class=\"provider-job-title\">Asistente medico<\/p><\/div><\/a><\/li><li class=\"provider\"><a href=\"https:\/\/www.childhoodhealth.com\/es\/providers\/dr-lauren-terry\/\"><figure class=\"provider-photo\"><img decoding=\"async\" src=\"https:\/\/i0.wp.com\/www.childhoodhealth.com\/wp-content\/uploads\/2022\/02\/Terry_1200x1500.jpg?fit=819%2C1024&#038;ssl=1\" \/><\/figure><div class=\"provider-info\"><h6 class=\"provider-name\">Lauren Terry, MD<\/h6><p class=\"provider-job-title\">Pediatra<\/p><\/div><\/a><\/li><\/ul><\/section>\n\n\n<div style=\"height:100px\" aria-hidden=\"true\" class=\"wp-block-spacer\"><\/div>\n\n\n\n<h2 class=\"wp-block-heading alignwide has-text-align-right\" id=\"our-clients-say-the-nicest-things\">Nuestros <strong><span class=\"has-inline-color has-ch-blue-color\">clientes<\/span><\/strong> dicen las <strong><em><span class=\"has-inline-color has-ch-blue-color\">cosas m\u00e1s bonitas<\/span><\/em><\/strong>&#8230;<\/h2>\n\n\n\n<div class=\"wp-block-columns alignfull is-style-cjd-assymetrical-right has-ch-flag-green-background-color has-background is-layout-flex wp-container-core-columns-is-layout-4a5ed5ab wp-block-columns-is-layout-flex\" style=\"padding-top:4em;padding-bottom:3em\">\n<div class=\"wp-block-column is-layout-flow wp-block-column-is-layout-flow\" style=\"flex-basis:40%\">\n<blockquote class=\"wp-block-cjd-blocks-bubble-quote has-text-align-right\">\n<div class=\"wp-block-cjd-blocks-bubble-quote-inner-container is-style-drop-shadow\">\n<div class=\"wp-block-cjd-blocks-bubble-quote-quote has-text-align-left has-text-align-center\" style=\"padding-top:2em;padding-right:2em;padding-bottom:2em;padding-left:2em\"><p class=\"translation-block\">\u00a1Hemos estado tan felices con la Salud Infantil! Nuestros hijos han sido pacientes en la cl\u00ednica durante casi cinco a\u00f1os y no hemos tenido m\u00e1s que experiencias positivas con los m\u00e9dicos y el personal.<\/p><p class=\"translation-block\">Cuando vamos a una cita, el personal de recepci\u00f3n es muy amable, nunca tenemos que esperar mucho para que nos atiendan y las enfermeras y los m\u00e9dicos se toman el tiempo para escucharlo y responder cualquier pregunta que tenga con entusiasmo.<\/p><p class=\"translation-block\">Tambi\u00e9n nos encanta <strong>la l\u00ednea de enfermer\u00eda<\/strong>, nos han ayudado a responder preguntas en casa en m\u00e1s de una ocasi\u00f3n. <strong>Nos sentimos muy afortunados de haber encontrado esta cl\u00ednica para nuestros ni\u00f1os.<\/strong><\/p><\/div>\n\n\n<div class=\"wp-block-cjd-blocks-bubble-quote-tail has-right-tail\" style=\"color: var(--wp--preset--color--white)\" \/><svg xmlns=\"http:\/\/www.w3.org\/2000\/svg\" viewbox=\"0 0 18.5 12.9\" width=\"48px\" height=\"34px\" classname=\"speech-bubble-tail\"><path d=\"M0.5 0c0.4 1.8 0.6 3.6 0.6 5.5 0 2.6-0.4 5.1-1 7.4C8.1 12.2 14.9 7.1 18.5 0H0.5z\"\/><\/svg><\/div><\/div>\n\n\n\n<cite class=\"wp-block-cjd-blocks-bubble-quote-citation has-white-color has-text-color\">Greta Huskie<\/cite>\n<\/blockquote>\n<\/div>\n\n\n\n<div class=\"wp-block-column is-layout-flow wp-block-column-is-layout-flow\" style=\"flex-basis:40%\">\n<blockquote class=\"wp-block-cjd-blocks-bubble-quote has-text-align-right\">\n<div class=\"wp-block-cjd-blocks-bubble-quote-inner-container is-style-drop-shadow\">\n<div class=\"wp-block-cjd-blocks-bubble-quote-quote has-text-align-left has-text-align-center\" style=\"padding-top:2em;padding-right:2em;padding-bottom:2em;padding-left:2em\"><p class=\"translation-block\">Me encanta lo <strong>personal<\/strong> que son los m\u00e9dicos. El personal son cuidadores profesionales que muestran el mayor <strong>respeto<\/strong> hacia sus colegas y sus pacientes. Los m\u00e9dicos son <strong>r\u00e1pidos y profesionales<\/strong>. Muestran <strong>empat\u00eda<\/strong> tanto a los padres como a los ni\u00f1os. Es <strong>un lugar seguro<\/strong> para llevar a los ni\u00f1os.<\/p><p class=\"translation-block\">Uno de los m\u00e9dicos vino a visitar a uno de sus pacientes en el hospital. Tuvo un ataque de asma y fue enviado al hospital de Salem. Ella baj\u00f3 directamente para verlo y consolar a los padres (visiblemente conmocionados). <strong>Vi eso y me cambi\u00e9 a Childhood Health Associates of Salem<\/strong>.<\/p><\/div>\n\n\n<div class=\"wp-block-cjd-blocks-bubble-quote-tail has-right-tail\" style=\"color: var(--wp--preset--color--white)\" \/><svg xmlns=\"http:\/\/www.w3.org\/2000\/svg\" viewbox=\"0 0 18.5 12.9\" width=\"48px\" height=\"34px\" classname=\"speech-bubble-tail\"><path d=\"M0.5 0c0.4 1.8 0.6 3.6 0.6 5.5 0 2.6-0.4 5.1-1 7.4C8.1 12.2 14.9 7.1 18.5 0H0.5z\"\/><\/svg><\/div><\/div>\n\n\n\n<cite class=\"wp-block-cjd-blocks-bubble-quote-citation has-white-color has-text-color\">Monday Bennette<\/cite>\n<\/blockquote>\n<\/div>\n<\/div>","protected":false},"excerpt":{"rendered":"<p>Let us introduce ourselves&#8230; We, at Childhood Health, are a group pediatric practice specializing in the care of children serving children of Salem and surrounding areas since 1977. We specialize in children with complex health needs. We believe that all children deserve quality health care. We serve a large population of children on the Oregon &hellip;<\/p>","protected":false},"author":1,"featured_media":563,"parent":0,"menu_order":0,"comment_status":"closed","ping_status":"closed","template":"","meta":{"advanced_seo_description":"","jetpack_seo_html_title":"","jetpack_seo_noindex":false,"footnotes":""},"class_list":["post-8","page","type-page","status-publish","has-post-thumbnail","hentry","entry"],"jetpack_sharing_enabled":true,"_links":{"self":[{"href":"https:\/\/www.childhoodhealth.com\/es\/wp-json\/wp\/v2\/pages\/8","targetHints":{"allow":["GET"]}}],"collection":[{"href":"https:\/\/www.childhoodhealth.com\/es\/wp-json\/wp\/v2\/pages"}],"about":[{"href":"https:\/\/www.childhoodhealth.com\/es\/wp-json\/wp\/v2\/types\/page"}],"author":[{"embeddable":true,"href":"https:\/\/www.childhoodhealth.com\/es\/wp-json\/wp\/v2\/users\/1"}],"replies":[{"embeddable":true,"href":"https:\/\/www.childhoodhealth.com\/es\/wp-json\/wp\/v2\/comments?post=8"}],"version-history":[{"count":12,"href":"https:\/\/www.childhoodhealth.com\/es\/wp-json\/wp\/v2\/pages\/8\/revisions"}],"predecessor-version":[{"id":848,"href":"https:\/\/www.childhoodhealth.com\/es\/wp-json\/wp\/v2\/pages\/8\/revisions\/848"}],"wp:featuredmedia":[{"embeddable":true,"href":"https:\/\/www.childhoodhealth.com\/es\/wp-json\/wp\/v2\/media\/563"}],"wp:attachment":[{"href":"https:\/\/www.childhoodhealth.com\/es\/wp-json\/wp\/v2\/media?parent=8"}],"curies":[{"name":"wp","href":"https:\/\/api.w.org\/{rel}","templated":true}]}}