{"id":7,"date":"2021-08-17T05:38:47","date_gmt":"2021-08-17T05:38:47","guid":{"rendered":"https:\/\/www.childhoodhealth.com.dream.website\/?page_id=7"},"modified":"2026-02-19T22:39:50","modified_gmt":"2026-02-19T22:39:50","slug":"create-your-website-with-blocks","status":"publish","type":"page","link":"https:\/\/www.childhoodhealth.com\/es\/","title":{"rendered":"Inicio"},"content":{"rendered":"<div class=\"wp-block-columns alignwide is-layout-flex wp-container-core-columns-is-layout-28f84493 wp-block-columns-is-layout-flex\">\n<div class=\"wp-block-column is-layout-flow wp-block-column-is-layout-flow\" style=\"flex-basis:33.33%\">\n<figure class=\"wp-block-image size-full is-resized\"><img data-recalc-dims=\"1\" loading=\"lazy\" decoding=\"async\" width=\"400\" height=\"194\" src=\"https:\/\/i0.wp.com\/www.childhoodhealth.com\/wp-content\/uploads\/2021\/08\/chaos_building.jpg?resize=400%2C194&#038;ssl=1\" alt=\"\" class=\"wp-image-65\" style=\"width:297px;height:auto\" srcset=\"https:\/\/i0.wp.com\/www.childhoodhealth.com\/wp-content\/uploads\/2021\/08\/chaos_building.jpg?w=400&amp;ssl=1 400w, https:\/\/i0.wp.com\/www.childhoodhealth.com\/wp-content\/uploads\/2021\/08\/chaos_building.jpg?resize=300%2C146&amp;ssl=1 300w\" sizes=\"auto, (max-width: 400px) 100vw, 400px\" \/><\/figure>\n<\/div>\n\n\n\n<div class=\"wp-block-column is-layout-flow wp-block-column-is-layout-flow\" style=\"flex-basis:66.66%\">\n<div class=\"wp-block-group content is-layout-flow wp-block-group-is-layout-flow\">\n<h2 class=\"wp-block-heading has-ch-blue-color has-text-color has-link-color wp-elements-db3db04ee82ffe18f029bd5d175dda3a\" id=\"safety-is-our-1-priority\"><strong>Welcome to CHAOS!<\/strong><\/h2>\n\n\n\n<p>(Click <a href=\"https:\/\/patientportal.intelichart.com\/\" data-type=\"link\" data-id=\"https:\/\/patientportal.intelichart.com\/\">https:\/\/patientportal.intelichart.com\/<\/a> to access the patient portal)<\/p>\n\n\n\n<p>Welcome to Childhood Health Associates of Salem, where we care for your children as if they were our own.<\/p>\n\n\n\n<p>The pandemic is over, but infection control is still a priority. At this time, we are back to having patients check in at our reception desk just as we did pre-pandemic. While masks are no longer required in Oregon health care settings, we request that anyone coming into our office who has symptoms of possible COVID (cough, fever) wear a mask (except for infants and toddlers). We continue to sanitize patient rooms in between each visit and sanitize high touch areas on a regular schedule throughout the day. Special arrangements to minimize waiting-room time for medically fragile children can be made in advance.<\/p>\n\n\n\n<h3 class=\"wp-block-heading has-large-font-size\" id=\"vaccines-are-now-available-call-to-schedule-appointment-today\"><\/h3>\n\n\n\n<div class=\"wp-block-buttons is-layout-flex wp-block-buttons-is-layout-flex\">\n<div class=\"wp-block-button is-style-fill\"><a class=\"wp-block-button__link has-ch-blue-background-color has-background\" href=\"tel:5033642181\"><i class=\"fas fa-phone-alt\"><\/i> 503.364.2181<\/a><\/div>\n<\/div>\n\n\n\n<h3 class=\"wp-block-heading has-ch-blue-color has-text-color\" id=\"learn-more\" style=\"font-style:normal;font-weight:700\"><\/h3>\n<\/div>\n<\/div>\n<\/div>\n\n\n\n<hr class=\"wp-block-separator has-text-color has-ch-flag-green-light-color has-css-opacity has-ch-flag-green-light-background-color has-background alignwide is-style-childhoodhealth-dotted\"\/>\n\n\n\n<div style=\"height:100px\" aria-hidden=\"true\" class=\"wp-block-spacer\"><\/div>\n\n\n\n<div class=\"wp-block-columns alignwide is-layout-flex wp-container-core-columns-is-layout-28f84493 wp-block-columns-is-layout-flex\">\n<div class=\"wp-block-column is-layout-flow wp-block-column-is-layout-flow\" style=\"flex-basis:66.66%\">\n<h2 class=\"wp-block-heading\">Who are we at <strong><mark style=\"background-color:rgba(0, 0, 0, 0)\" class=\"has-inline-color has-ch-blue-color\">Childhood Health<\/mark><\/strong>?<\/h2>\n\n\n\n<p>Childhood Health Associates of Salem, which we affectionately call &#8220;CHAOS&#8221;, was established in 1977 as an independently&nbsp;owned one-doctor pediatric practice. Over the years we&#8217;ve grown, moved to a new building in 2006, and added a number of comprehensive services. Today we are a group of pediatric medical and behavioral health professionals (and stellar support staff!) who believe that all children deserve quality preventive care, behavior health management, and chronic disease management. Pediatric care (for both special-needs patients and more typical kids) is our passion, and we look forward to seeing our young patients grow up happy and healthy!<\/p>\n\n\n\n<h3 class=\"wp-block-heading\">Nuestros <strong><mark style=\"background-color:rgba(0, 0, 0, 0)\" class=\"has-inline-color has-ch-blue-color\">Servicios<\/mark><\/strong> incluyen:<\/h3>\n\n\n\n<div class=\"wp-block-buttons is-layout-flex wp-container-core-buttons-is-layout-242c3b10 wp-block-buttons-is-layout-flex\">\n<div class=\"wp-block-button page-link\"><a class=\"wp-block-button__link has-gray-color has-ch-flag-green-light-background-color has-text-color has-background has-normal-font-size has-custom-font-size wp-element-button\" href=\"https:\/\/www.childhoodhealth.com\/es\/services\/#preventative-care\" style=\"border-radius:12px;padding-top:0.25em;padding-right:0.75em;padding-bottom:0.25em;padding-left:0.75em\">Preventive Care<\/a><\/div>\n\n\n\n<div class=\"wp-block-button page-link\"><a class=\"wp-block-button__link has-gray-color has-ch-flag-green-light-background-color has-text-color has-background has-normal-font-size has-custom-font-size wp-element-button\" href=\"https:\/\/www.childhoodhealth.com\/es\/services\/#behavioral-health\" style=\"border-radius:12px;padding-top:0.25em;padding-right:0.75em;padding-bottom:0.25em;padding-left:0.75em\">Salud conductual<\/a><\/div>\n\n\n\n<div class=\"wp-block-button page-link\"><a class=\"wp-block-button__link has-gray-color has-ch-flag-green-light-background-color has-text-color has-background has-normal-font-size has-custom-font-size wp-element-button\" href=\"https:\/\/www.childhoodhealth.com\/es\/services\/#disease-management\" style=\"border-radius:12px;padding-top:0.25em;padding-right:0.75em;padding-bottom:0.25em;padding-left:0.75em\">Manejo de enfermedad<\/a><\/div>\n\n\n\n<div class=\"wp-block-button page-link\"><a class=\"wp-block-button__link has-gray-color has-ch-flag-green-light-background-color has-text-color has-background has-normal-font-size has-custom-font-size wp-element-button\" href=\"https:\/\/www.childhoodhealth.com\/es\/services\/#urgent-health-care\" style=\"border-radius:12px;padding-top:0.25em;padding-right:0.75em;padding-bottom:0.25em;padding-left:0.75em\">Atenci\u00f3n m\u00e9dica urgente<\/a><\/div>\n\n\n\n<div class=\"wp-block-button page-link\"><a class=\"wp-block-button__link has-gray-color has-ch-flag-green-light-background-color has-text-color has-background has-normal-font-size has-custom-font-size wp-element-button\" href=\"https:\/\/www.childhoodhealth.com\/es\/services\/#care-coordination\" style=\"border-radius:12px;padding-top:0.25em;padding-right:0.75em;padding-bottom:0.25em;padding-left:0.75em\">Coordinaci\u00f3n de Atenci\u00f3n<\/a><\/div>\n<\/div>\n<\/div>\n\n\n\n<div class=\"wp-block-column is-layout-flow wp-block-column-is-layout-flow\" style=\"flex-basis:33.33%\">\n<h2 class=\"wp-block-heading has-ch-blue-color has-text-color has-link-color wp-elements-2e30f0b928935e4a94422adf0a7ba8fb\" id=\"latest-news\"><strong><mark style=\"background-color:rgba(0, 0, 0, 0)\" class=\"has-inline-color has-ch-blue-color\">\u00daltimas<\/mark><\/strong> <strong>Noticias<\/strong><\/h2>\n\n\n\n<div class=\"wp-block-query is-layout-flow wp-block-query-is-layout-flow\"><ul class=\"wp-block-post-template is-layout-flow wp-block-post-template-is-layout-flow\"><li class=\"wp-block-post post-950 post type-post status-publish format-standard hentry category-uncategorized entry\">\n<h3 class=\"wp-block-post-title\"><a href=\"https:\/\/www.childhoodhealth.com\/es\/join-our-team\/\" target=\"_self\" >Join Our Team!<\/a><\/h3>\n\n<div class=\"wp-block-post-excerpt\"><p class=\"wp-block-post-excerpt__excerpt\">As a busy pediatric practice, we are almost always looking for new people! Right now we have definite openings in Interpreting, Integrated Behavioral Health, and Medical Providers, but we are always interested in new faces for Reception, Medical Assistants, Referrals, and most other positions. Call us at 503-364-2181 if you are interested and ask to<\/p><p class=\"wp-block-post-excerpt__more-text\"><a class=\"wp-block-post-excerpt__more-link\" href=\"https:\/\/www.childhoodhealth.com\/es\/join-our-team\/\">Leer m\u00e1s<\/a><\/p><\/div>\n\n<div class=\"wp-block-post-date\"><time datetime=\"2026-02-18T20:20:48+00:00\">febrero 18, 2026<\/time><\/div>\n<\/li><\/ul><\/div>\n<\/div>\n<\/div>\n\n\n\n<div style=\"height:100px\" aria-hidden=\"true\" class=\"wp-block-spacer\"><\/div>\n\n\n\n<div class=\"wp-block-group alignfull has-ch-blue-extra-light-background-color has-background is-layout-constrained wp-container-core-group-is-layout-8f759fb3 wp-block-group-is-layout-constrained\">\n<div class=\"wp-block-group alignwide stack-items--tablet-only is-content-justification-left is-nowrap is-layout-flex wp-container-core-group-is-layout-98f8d8ab wp-block-group-is-layout-flex\">\n<div class=\"wp-block-cjd-childhood-health-brand-assets items-justified-center is-style-drop-shadow\" style=\"--childhood-health-brand-asset--stroke-width:10px\"><div class=\"svg-container\" style=\"--childhood-health-brand-asset--width:100%\"><svg xmlns=\"http:\/\/www.w3.org\/2000\/svg\" viewbox=\"0 0 380 258\"><path class=\"background\" d=\"m380 187.9-12.4-30.4 12.4-30.4h-28.5v-18h-16.8a107.3 107.3 0 0 0 5-31.8A77.3 77.3 0 0 0 190 50.2 77.2 77.2 0 0 0 40.4 77.3a110.5 110.5 0 0 0 4.9 31.8H28.5v18H0l12.4 30.4L0 187.9h96.9c41.7 41.8 91.4 69.1 93.1 70.1 1.8-1 51.5-28.3 93.1-70.1Z\" fill=\"none\"><\/path><polygon points=\"0 187.9 103.5 187.9 103.5 127.1 0 127.1 12.4 157.5 0 187.9\" fill=\"#008eb0\"><\/polygon><polygon points=\"380 187.9 276.5 187.9 276.5 127.1 380 127.1 367.6 157.5 380 187.9\" fill=\"#008eb0\"><\/polygon><polygon points=\"28.5 169.9 103.5 169.9 103.5 186.8 28.5 169.9\" fill=\"#005779\"><\/polygon><polygon points=\"351.5 169.9 276.5 169.9 276.5 186.8 351.5 169.9\" fill=\"#005779\"><\/polygon><path d=\"M339.7 77.3A77.3 77.3 0 0 0 190 50.2 77.2 77.2 0 0 0 40.4 77.3c0 98.5 146.6 179 149.6 180.7 3.1-1.7 149.7-82.2 149.7-180.7ZM190.1 258Z\" fill=\"#d94a23\"><\/path><rect x=\"28.5\" y=\"109.1\" width=\"323\" height=\"60.75\" fill=\"#008eb0\"><\/rect><path d=\"m151.6 77.5-7 20.8h-3.1l-5.7-16.6-5.7 16.6H127l-7-20.8h3.1l5.6 16.9 5.8-16.9h2.8l5.7 17 5.8-17ZM170.3 95.7v2.6h-15.1V77.5h14.7v2.6h-11.7v6.4h10.4V89h-10.4v6.7ZM183.2 77.5h2.9v18.2h11.3v2.6h-14.2ZM198.8 87.9c0-6.1 4.7-10.7 11.1-10.7s11 4.6 11 10.7-4.7 10.6-11 10.6-11.1-4.5-11.1-10.6Zm19.1 0a7.8 7.8 0 0 0-8-8 8 8 0 1 0 0 16 7.8 7.8 0 0 0 8-8ZM242.9 77.5l-9.1 20.8h-3l-9.2-20.8h3.3l7.5 17.1 7.5-17.1ZM260.7 95.7v2.6h-15.2V77.5h14.7v2.6h-11.7v6.4H259V89h-10.5v6.7ZM81.3 126.2v26h-5l-12.9-15.8v15.8h-6v-26h5L75.3 142v-15.8ZM106.5 143.9H91.4c.6 2.5 2.7 4 5.7 4a6.7 6.7 0 0 0 5-2l3.1 3.4c-1.8 2.1-4.6 3.2-8.2 3.2-6.9 0-11.4-4.3-11.4-10.3s4.5-10.3 10.6-10.3 10.4 4 10.4 10.4a9.2 9.2 0 0 1-.1 1.6Zm-15.2-3.4h9.9a5 5 0 0 0-9.9 0ZM142.3 132.2l-7.3 20h-5.6l-4.5-12.4-4.6 12.4h-5.6l-7.2-20h5.5l4.7 13.6 4.9-13.6h4.9l4.8 13.6 4.8-13.6ZM178.5 135.6c0 5.8-4.3 9.5-11.3 9.5H162v7.1h-6.1v-26h11.3c7 0 11.3 3.6 11.3 9.4Zm-6.1 0c0-2.8-1.9-4.5-5.5-4.5H162v9h4.9c3.6 0 5.5-1.6 5.5-4.5ZM199.9 140.8v11.4h-5.4v-2.5c-1.1 1.9-3.2 2.8-6.1 2.8-4.7 0-7.5-2.6-7.5-6s2.5-6 8.6-6h4.6c0-2.5-1.5-4-4.6-4a9.6 9.6 0 0 0-5.8 1.9l-2.1-4.1a16.1 16.1 0 0 1 8.7-2.4c6.1 0 9.6 2.8 9.6 8.9Zm-5.8 5.1v-2h-4c-2.7 0-3.6 1-3.6 2.3s1.3 2.4 3.3 2.4a4.4 4.4 0 0 0 4.3-2.7ZM218 151.3a8.4 8.4 0 0 1-4.7 1.2c-4.7 0-7.5-2.4-7.5-7.2v-8.2h-3v-4.4h3v-4.9h5.8v4.9h5v4.4h-5v8.2a2.3 2.3 0 0 0 2.5 2.6 4 4 0 0 0 2.4-.7ZM220.6 126.2a3.3 3.3 0 0 1 3.6-3.2c2.2 0 3.6 1.3 3.6 3.1a3.3 3.3 0 0 1-3.6 3.3 3.3 3.3 0 0 1-3.6-3.2Zm.7 6h5.8v20h-5.8ZM252 143.9h-15.1c.5 2.5 2.6 4 5.7 4a6.9 6.9 0 0 0 5-2l3.1 3.4c-1.9 2.1-4.6 3.2-8.3 3.2-6.9 0-11.4-4.3-11.4-10.3s4.6-10.3 10.7-10.3 10.4 4 10.4 10.4c0 .4-.1 1.1-.1 1.6Zm-15.2-3.4h9.8a5 5 0 0 0-9.8 0ZM276.4 140.8v11.4h-5.8v-10.5c0-3.3-1.5-4.8-4-4.8s-4.8 1.8-4.8 5.4v9.9H256v-20h5.5v2.4a8.9 8.9 0 0 1 6.6-2.7c4.8 0 8.3 2.8 8.3 8.9ZM294.6 151.3a8.6 8.6 0 0 1-4.7 1.2c-4.8 0-7.5-2.4-7.5-7.2v-8.2h-3.1v-4.4h3.1v-4.9h5.8v4.9h5v4.4h-5v8.2a2.3 2.3 0 0 0 2.5 2.6 3.7 3.7 0 0 0 2.3-.7ZM295.9 150.4l2-4.2a12.9 12.9 0 0 0 6.9 1.9c2.7 0 3.7-.7 3.7-1.8 0-3.3-12.1.1-12.1-7.9 0-3.8 3.4-6.5 9.3-6.5a16.8 16.8 0 0 1 7.7 1.8l-2 4.1a11.3 11.3 0 0 0-5.7-1.5c-2.6 0-3.7.8-3.7 1.9 0 3.4 12 .1 12 8 0 3.7-3.4 6.3-9.4 6.3a17.7 17.7 0 0 1-8.7-2.1ZM316.8 149.1a3.3 3.3 0 0 1 3.5-3.3 3.3 3.3 0 0 1 3.6 3.3 3.4 3.4 0 0 1-3.6 3.4 3.3 3.3 0 0 1-3.5-3.4Zm.1-22.9h6.9l-1.2 17H318Z\" fill=\"#fff\"><\/path><\/svg><\/div><\/div>\n\n\n\n<h2 class=\"wp-block-heading has-text-align-left is-style-default translation-block\" id=\"join-the-childhood-health-family\">\u00danete a la familia de <strong><span class=\"has-inline-color has-ch-blue-color\">Childhood Health<\/span><\/strong>!<\/h2>\n<\/div>\n<\/div>\n\n\n\n<div class=\"wp-block-group is-layout-flow wp-block-group-is-layout-flow\" style=\"padding-top:2em;padding-bottom:3em\">\n<h3 class=\"wp-block-heading translation-block\" id=\"we-would-love-to-welcome-you\">\u00a1Nos encantar\u00eda darte la <strong><span class=\"has-inline-color has-ch-blue-color\">bienvenido<\/span><\/strong>!<\/h3>\n\n\n\n<p>Bienvenido a Childhood Health Associates of Salem, o como nos gusta decir, \"\u00a1CAOS!\" Estamos aqu\u00ed para ayudarlo a comenzar, ya sea que sea el padre de un reci\u00e9n nacido, est\u00e9 aprendiendo los trucos o sea un adulto joven que comienza a hacerse cargo de sus propias decisiones de atenci\u00f3n m\u00e9dica. Como siempre, tambi\u00e9n estamos aqu\u00ed para ayudar por tel\u00e9fono. Simplemente llame al 503-364-2181 para hablar con uno de nuestros amables y expertos miembros del personal.<\/p>\n\n\n\n<div class=\"wp-block-buttons is-layout-flex wp-block-buttons-is-layout-flex\">\n<div class=\"wp-block-button is-style-fill\"><a class=\"wp-block-button__link has-ch-blue-background-color has-background wp-element-button\" href=\"https:\/\/www.childhoodhealth.com\/es\/new-patients\/\">Descubrir m\u00e1s<\/a><\/div>\n<\/div>\n<\/div>\n\n\n\n<div class=\"wp-block-group is-style-cjd-sandwich-border is-layout-flow wp-container-core-group-is-layout-25a0e4df wp-block-group-is-layout-flow\" style=\"padding-top:3em;padding-bottom:3em\">\n<div class=\"wp-block-group is-layout-flow wp-block-group-is-layout-flow\">\n<div class=\"wp-block-group is-layout-flow wp-container-core-group-is-layout-e58a1108 wp-block-group-is-layout-flow\">\n<h3 class=\"wp-block-heading has-ch-blue-color has-text-color\" id=\"already-part-of-the-family\" style=\"font-style:normal;font-weight:700\">Interested in using the Patient Portal?<\/h3>\n\n\n\n<h4 class=\"wp-block-heading\" id=\"login-to-the-patient-portal-to\">Call and ask our staff, or come in to the office, and we will get you set up with the newest version. With it you will be able to request an appointment, send a message to your child&#8217;s provider, access chart information such as vaccine records, and pay your bill online. <\/h4>\n<\/div>\n\n\n\n<p>To access the patient portal, click here!   <a href=\"https:\/\/patientportal.intelichart.com\/\">https:\/\/patientportal.intelichart.com\/<\/a><\/p>\n<\/div>\n<\/div>\n\n\n\n<div style=\"height:100px\" aria-hidden=\"true\" class=\"wp-block-spacer\"><\/div>\n\n\n\n<figure class=\"wp-block-image aligncenter size-full is-resized\"><img data-recalc-dims=\"1\" loading=\"lazy\" decoding=\"async\" width=\"990\" height=\"524\" src=\"https:\/\/i0.wp.com\/www.childhoodhealth.com.dream.website\/wp-content\/uploads\/2022\/04\/PCPCH-5-STAR-Logo.jpg?resize=990%2C524&#038;ssl=1\" alt=\"\" class=\"wp-image-557\" style=\"width:550px;height:undefinedpx\" srcset=\"https:\/\/i0.wp.com\/www.childhoodhealth.com\/wp-content\/uploads\/2022\/04\/PCPCH-5-STAR-Logo.jpg?w=990&amp;ssl=1 990w, https:\/\/i0.wp.com\/www.childhoodhealth.com\/wp-content\/uploads\/2022\/04\/PCPCH-5-STAR-Logo.jpg?resize=300%2C159&amp;ssl=1 300w, https:\/\/i0.wp.com\/www.childhoodhealth.com\/wp-content\/uploads\/2022\/04\/PCPCH-5-STAR-Logo.jpg?resize=768%2C406&amp;ssl=1 768w, https:\/\/i0.wp.com\/www.childhoodhealth.com\/wp-content\/uploads\/2022\/04\/PCPCH-5-STAR-Logo.jpg?resize=18%2C10&amp;ssl=1 18w\" sizes=\"auto, (max-width: 990px) 100vw, 990px\" \/><figcaption class=\"wp-element-caption\">The&nbsp;Patient-Centered Primary Care Home Program is part of <br>Oregon&#8217;s efforts to fulfill a vision for better health, better care <br>and lower costs for all Oregonians<\/figcaption><\/figure>\n\n\n\n<p><strong>Childhood Health Associates of Salem Notice Informing Individuals About Nondiscrimination and Accessibility Requirements and Nondiscrimination Statement:<\/strong><\/p>\n\n\n\n<p>Discrimination is Against the Law<\/p>\n\n\n\n<p>Childhood Health Associates of Salem complies with applicable Federal civil rights laws and does not discriminate on the basis of race, color, national origin, age, disability, or sex (consistent with the scope of sex discrimination described at 45 CFR \u00a7 92.101(a)(2)) (or sex, including sex characteristics, including intersex traits; pregnancy or related conditions; sexual orientation; gender identity, and sex stereotypes).&nbsp; <strong>Childhood Health Associates of Salem<\/strong> does not exclude people or treat them less favorably because of race, color, national origin, age, disability, or sex.<\/p>\n\n\n\n<p>&nbsp; <strong>Childhood Health Associates of Salem<\/strong>:<\/p>\n\n\n\n<ul class=\"wp-block-list\">\n<li>Provides people with disabilities reasonable modifications and free appropriate auxiliary aids and services to communicate effectively with us, such as:<\/li>\n<\/ul>\n\n\n\n<ul class=\"wp-block-list\">\n<li>Qualified sign language interpreters<\/li>\n\n\n\n<li>Written information in other formats (large print, audio, accessible electronic formats, other formats).<\/li>\n\n\n\n<li>Provides free language assistance services to people whose primary language is not English, which may include:<\/li>\n<\/ul>\n\n\n\n<ul class=\"wp-block-list\">\n<li>Qualified interpreters<\/li>\n\n\n\n<li>Information written in other languages.<\/li>\n<\/ul>\n\n\n\n<p>&nbsp; If you need reasonable modifications, appropriate auxiliary aids and services, or language assistance services, contact Ingrid Hogenstad at our office (our Acting Practice Administrator).<\/p>\n\n\n\n<p>If you believe that <strong>Childhood Health Associates of Salem<\/strong> has failed to provide these services or discriminated in another way on the basis of race, color, national origin, age, disability, or sex, you can file a grievance with: <strong>Ingrid Hogenstad as our Civil Rights Coordinator<\/strong>, <strong>891 23<sup>rd<\/sup>Street NE Salem, OR 97301, Telephone 503-364-2181 or Fax 503-364-0364<\/strong>. You can file a grievance in person, by mail, or by fax. If you need help filing a grievance, <strong>Ingrid Hogenstad as our Civil Rights Coordinator<\/strong> is available to help you.&nbsp;<\/p>\n\n\n\n<p>You can also file a civil rights complaint with the U.S. Department of Health and Human Services, Office for Civil Rights, electronically through the Office for Civil Rights Complaint Portal, available at <a href=\"https:\/\/ocrportal.hhs.gov\/ocr\/portal\/lobby.jsf\">https:\/\/ocrportal.hhs.gov\/ocr\/portal\/lobby.jsf<\/a>, or by mail or phone at:<\/p>\n\n\n\n<p>U.S. Department of Health and Human Services<\/p>\n\n\n\n<p>200 Independence Avenue, SW<\/p>\n\n\n\n<p>Room 509F, HHH Building<\/p>\n\n\n\n<p>Washington, D.C. 20201&nbsp;<\/p>\n\n\n\n<p>1-800-368-1019, 800-537-7697 (TDD)<\/p>\n\n\n\n<p>Complaint forms are available at <a href=\"http:\/\/www.hhs.gov\/ocr\/office\/file\/index.html\">http:\/\/www.hhs.gov\/ocr\/office\/file\/index.html<\/a>.&nbsp;<\/p>\n\n\n\n<p><\/p>\n\n\n\n<figure class=\"wp-block-image size-large\"><img data-recalc-dims=\"1\" loading=\"lazy\" decoding=\"async\" width=\"663\" height=\"1024\" src=\"https:\/\/i0.wp.com\/www.childhoodhealth.com\/wp-content\/uploads\/2023\/10\/Financial-Assistance-Non-discrimination-Policy-Poster.1.jpeg?resize=663%2C1024&#038;ssl=1\" alt=\"\" class=\"wp-image-783\" srcset=\"https:\/\/i0.wp.com\/www.childhoodhealth.com\/wp-content\/uploads\/2023\/10\/Financial-Assistance-Non-discrimination-Policy-Poster.1.jpeg?resize=663%2C1024&amp;ssl=1 663w, https:\/\/i0.wp.com\/www.childhoodhealth.com\/wp-content\/uploads\/2023\/10\/Financial-Assistance-Non-discrimination-Policy-Poster.1.jpeg?resize=194%2C300&amp;ssl=1 194w, https:\/\/i0.wp.com\/www.childhoodhealth.com\/wp-content\/uploads\/2023\/10\/Financial-Assistance-Non-discrimination-Policy-Poster.1.jpeg?resize=768%2C1187&amp;ssl=1 768w, https:\/\/i0.wp.com\/www.childhoodhealth.com\/wp-content\/uploads\/2023\/10\/Financial-Assistance-Non-discrimination-Policy-Poster.1.jpeg?resize=994%2C1536&amp;ssl=1 994w, https:\/\/i0.wp.com\/www.childhoodhealth.com\/wp-content\/uploads\/2023\/10\/Financial-Assistance-Non-discrimination-Policy-Poster.1.jpeg?resize=1325%2C2048&amp;ssl=1 1325w, https:\/\/i0.wp.com\/www.childhoodhealth.com\/wp-content\/uploads\/2023\/10\/Financial-Assistance-Non-discrimination-Policy-Poster.1.jpeg?resize=8%2C12&amp;ssl=1 8w, https:\/\/i0.wp.com\/www.childhoodhealth.com\/wp-content\/uploads\/2023\/10\/Financial-Assistance-Non-discrimination-Policy-Poster.1.jpeg?resize=1568%2C2423&amp;ssl=1 1568w, https:\/\/i0.wp.com\/www.childhoodhealth.com\/wp-content\/uploads\/2023\/10\/Financial-Assistance-Non-discrimination-Policy-Poster.1.jpeg?w=1584&amp;ssl=1 1584w\" sizes=\"auto, (max-width: 663px) 100vw, 663px\" \/><\/figure>\n\n\n\n<figure class=\"wp-block-image size-large\"><img data-recalc-dims=\"1\" loading=\"lazy\" decoding=\"async\" width=\"663\" height=\"1024\" src=\"https:\/\/i0.wp.com\/www.childhoodhealth.com\/wp-content\/uploads\/2023\/10\/Financial-Assistance-Non-discrimination-Policy-Poster-Spanish.1.jpeg?resize=663%2C1024&#038;ssl=1\" alt=\"\" class=\"wp-image-784\" srcset=\"https:\/\/i0.wp.com\/www.childhoodhealth.com\/wp-content\/uploads\/2023\/10\/Financial-Assistance-Non-discrimination-Policy-Poster-Spanish.1.jpeg?resize=663%2C1024&amp;ssl=1 663w, https:\/\/i0.wp.com\/www.childhoodhealth.com\/wp-content\/uploads\/2023\/10\/Financial-Assistance-Non-discrimination-Policy-Poster-Spanish.1.jpeg?resize=194%2C300&amp;ssl=1 194w, https:\/\/i0.wp.com\/www.childhoodhealth.com\/wp-content\/uploads\/2023\/10\/Financial-Assistance-Non-discrimination-Policy-Poster-Spanish.1.jpeg?resize=768%2C1187&amp;ssl=1 768w, https:\/\/i0.wp.com\/www.childhoodhealth.com\/wp-content\/uploads\/2023\/10\/Financial-Assistance-Non-discrimination-Policy-Poster-Spanish.1.jpeg?resize=994%2C1536&amp;ssl=1 994w, https:\/\/i0.wp.com\/www.childhoodhealth.com\/wp-content\/uploads\/2023\/10\/Financial-Assistance-Non-discrimination-Policy-Poster-Spanish.1.jpeg?resize=1325%2C2048&amp;ssl=1 1325w, https:\/\/i0.wp.com\/www.childhoodhealth.com\/wp-content\/uploads\/2023\/10\/Financial-Assistance-Non-discrimination-Policy-Poster-Spanish.1.jpeg?resize=8%2C12&amp;ssl=1 8w, https:\/\/i0.wp.com\/www.childhoodhealth.com\/wp-content\/uploads\/2023\/10\/Financial-Assistance-Non-discrimination-Policy-Poster-Spanish.1.jpeg?resize=1568%2C2423&amp;ssl=1 1568w, https:\/\/i0.wp.com\/www.childhoodhealth.com\/wp-content\/uploads\/2023\/10\/Financial-Assistance-Non-discrimination-Policy-Poster-Spanish.1.jpeg?w=1584&amp;ssl=1 1584w\" sizes=\"auto, (max-width: 663px) 100vw, 663px\" \/><\/figure>","protected":false},"excerpt":{"rendered":"<p>Welcome to CHAOS! (Click https:\/\/patientportal.intelichart.com\/ to access the patient portal) Welcome to Childhood Health Associates of Salem, where we care for your children as if they were our own. The pandemic is over, but infection control is still a priority. At this time, we are back to having patients check in at our reception desk &hellip;<\/p>","protected":false},"author":1,"featured_media":0,"parent":0,"menu_order":0,"comment_status":"closed","ping_status":"closed","template":"","meta":{"advanced_seo_description":"","jetpack_seo_html_title":"","jetpack_seo_noindex":false,"footnotes":""},"class_list":["post-7","page","type-page","status-publish","hentry","entry"],"jetpack_sharing_enabled":true,"_links":{"self":[{"href":"https:\/\/www.childhoodhealth.com\/es\/wp-json\/wp\/v2\/pages\/7","targetHints":{"allow":["GET"]}}],"collection":[{"href":"https:\/\/www.childhoodhealth.com\/es\/wp-json\/wp\/v2\/pages"}],"about":[{"href":"https:\/\/www.childhoodhealth.com\/es\/wp-json\/wp\/v2\/types\/page"}],"author":[{"embeddable":true,"href":"https:\/\/www.childhoodhealth.com\/es\/wp-json\/wp\/v2\/users\/1"}],"replies":[{"embeddable":true,"href":"https:\/\/www.childhoodhealth.com\/es\/wp-json\/wp\/v2\/comments?post=7"}],"version-history":[{"count":28,"href":"https:\/\/www.childhoodhealth.com\/es\/wp-json\/wp\/v2\/pages\/7\/revisions"}],"predecessor-version":[{"id":956,"href":"https:\/\/www.childhoodhealth.com\/es\/wp-json\/wp\/v2\/pages\/7\/revisions\/956"}],"wp:attachment":[{"href":"https:\/\/www.childhoodhealth.com\/es\/wp-json\/wp\/v2\/media?parent=7"}],"curies":[{"name":"wp","href":"https:\/\/api.w.org\/{rel}","templated":true}]}}