{"id":62,"date":"2021-08-19T23:33:56","date_gmt":"2021-08-19T23:33:56","guid":{"rendered":"https:\/\/www.childhoodhealth.com.dream.website\/?page_id=62"},"modified":"2022-05-17T17:45:54","modified_gmt":"2022-05-17T17:45:54","slug":"new-patients","status":"publish","type":"page","link":"https:\/\/www.childhoodhealth.com\/es\/new-patients\/","title":{"rendered":"New Patients"},"content":{"rendered":"<figure class=\"wp-block-embed alignwide is-type-video is-provider-youtube wp-block-embed-youtube wp-embed-aspect-16-9 wp-has-aspect-ratio\"><div class=\"wp-block-embed__wrapper\">\n<iframe loading=\"lazy\" title=\"Childhood Health Associates of Salem - Welcome to our Clinic\" width=\"500\" height=\"281\" src=\"https:\/\/www.youtube.com\/embed\/p67EJqQ8f3A?feature=oembed\" frameborder=\"0\" allow=\"accelerometer; autoplay; clipboard-write; encrypted-media; gyroscope; picture-in-picture; web-share\" referrerpolicy=\"strict-origin-when-cross-origin\" allowfullscreen><\/iframe>\n<\/div><figcaption>Childhood Health Associates of Salem \u2013 Bienvenido a nuestra clinica<\/figcaption><\/figure>\n\n\n\n<h2 class=\"alignwide is-style-cjd-dotted-border-bottom wp-block-heading translation-block\"><strong><span class=\"has-inline-color has-ch-blue-color\">Antes<\/span><\/strong> tu primera cita<\/h2>\n\n\n\n<p>Puede ahorrar tiempo descargando y completando los formularios de registro e historial m\u00e9dico. Si el paciente es transferido de otro proveedor, complete tambi\u00e9n el formulario de Autorizaci\u00f3n m\u00e9dica para que podamos obtener registros m\u00e9dicos anteriores para ayudarlo a brindarle un mejor servicio.<\/p>\n\n\n\n<div style=\"height:50px\" aria-hidden=\"true\" class=\"wp-block-spacer\"><\/div>\n\n\n\n<h3 class=\"alignwide wp-block-heading translation-block\"><strong><span class=\"has-inline-color has-ch-blue-color\">Registro<\/span><\/strong> Formularios<\/h3>\n\n\n\n<div class=\"wp-block-columns alignwide is-layout-flex wp-container-core-columns-is-layout-28f84493 wp-block-columns-is-layout-flex\">\n<div class=\"wp-block-column is-layout-flow wp-block-column-is-layout-flow\">\n<div data-wp-interactive=\"core\/file\" class=\"wp-block-file aligncenter\"><object data-wp-bind--hidden=\"!state.hasPdfPreview\" hidden class=\"wp-block-file__embed\" data=\"https:\/\/www.childhoodhealth.com\/wp-content\/uploads\/2022\/03\/registration-form_fillable.pdf\" type=\"application\/pdf\" style=\"width:100%;height:600px\" aria-label=\"Incrustado de Embed of Registration Form..\"><\/object><a id=\"wp-block-file--media-64b9f60e-be33-4626-ae9f-d682ab380c90\" href=\"https:\/\/www.childhoodhealth.com\/wp-content\/uploads\/2022\/03\/registration-form_fillable.pdf\" target=\"_blank\" rel=\"noreferrer noopener\">Registro Formulario<\/a><a href=\"https:\/\/www.childhoodhealth.com\/wp-content\/uploads\/2022\/03\/registration-form_fillable.pdf\" class=\"wp-block-file__button\" download aria-describedby=\"wp-block-file--media-64b9f60e-be33-4626-ae9f-d682ab380c90\">Descargar<\/a><\/div>\n<\/div>\n\n\n\n<div class=\"wp-block-column is-layout-flow wp-block-column-is-layout-flow\">\n<div data-wp-interactive=\"core\/file\" class=\"wp-block-file aligncenter\"><object data-wp-bind--hidden=\"!state.hasPdfPreview\" hidden class=\"wp-block-file__embed\" data=\"https:\/\/www.childhoodhealth.com\/wp-content\/uploads\/2022\/03\/foster-parent-registration_fillable.pdf\" type=\"application\/pdf\" style=\"width:100%;height:600px\" aria-label=\"Incrustado de Embed of Foster Parent Registration..\"><\/object><a id=\"wp-block-file--media-2f8148e1-0207-49fc-bfb7-fedf939a5c48\" href=\"https:\/\/www.childhoodhealth.com\/wp-content\/uploads\/2022\/03\/foster-parent-registration_fillable.pdf\" target=\"_blank\" rel=\"noreferrer noopener\">Foster Parent Registration<\/a><a href=\"https:\/\/www.childhoodhealth.com\/wp-content\/uploads\/2022\/03\/foster-parent-registration_fillable.pdf\" class=\"wp-block-file__button\" download aria-describedby=\"wp-block-file--media-2f8148e1-0207-49fc-bfb7-fedf939a5c48\">Descargar<\/a><\/div>\n<\/div>\n<\/div>\n\n\n\n<div style=\"height:50px\" aria-hidden=\"true\" class=\"wp-block-spacer\"><\/div>\n\n\n\n<h3 class=\"alignwide wp-block-heading translation-block\"><strong><span class=\"has-inline-color has-ch-blue-color\">Historial m\u00e9dico<\/span><\/strong> formularios<\/h3>\n\n\n\n<div class=\"wp-block-columns alignwide is-layout-flex wp-container-core-columns-is-layout-28f84493 wp-block-columns-is-layout-flex\">\n<div class=\"wp-block-column is-layout-flow wp-block-column-is-layout-flow\">\n<div data-wp-interactive=\"core\/file\" class=\"wp-block-file aligncenter\"><object data-wp-bind--hidden=\"!state.hasPdfPreview\" hidden class=\"wp-block-file__embed\" data=\"https:\/\/www.childhoodhealth.com\/wp-content\/uploads\/2022\/03\/med-history-form-1.pdf\" type=\"application\/pdf\" style=\"width:100%;height:600px\" aria-label=\"Incrustado de Embed of Medical History Form..\"><\/object><a id=\"wp-block-file--media-5ed8dd93-893c-4f25-a4f9-b472837c4620\" href=\"https:\/\/www.childhoodhealth.com\/wp-content\/uploads\/2022\/03\/med-history-form-1.pdf\">Historial m\u00e9dico formulario<\/a><a href=\"https:\/\/www.childhoodhealth.com\/wp-content\/uploads\/2022\/03\/med-history-form-1.pdf\" class=\"wp-block-file__button\" download aria-describedby=\"wp-block-file--media-5ed8dd93-893c-4f25-a4f9-b472837c4620\">Descargar<\/a><\/div>\n<\/div>\n\n\n\n<div class=\"wp-block-column is-layout-flow wp-block-column-is-layout-flow\"><\/div>\n<\/div>\n\n\n\n<div style=\"height:50px\" aria-hidden=\"true\" class=\"wp-block-spacer\"><\/div>\n\n\n\n<h3 class=\"alignwide wp-block-heading translation-block\"><strong><span class=\"has-inline-color has-ch-blue-color\">Comunicado m\u00e9dico<\/span><\/strong> formularios<\/h3>\n\n\n\n<div class=\"wp-block-columns alignwide is-layout-flex wp-container-core-columns-is-layout-28f84493 wp-block-columns-is-layout-flex\">\n<div class=\"wp-block-column is-layout-flow wp-block-column-is-layout-flow\">\n<div data-wp-interactive=\"core\/file\" class=\"wp-block-file aligncenter\"><object data-wp-bind--hidden=\"!state.hasPdfPreview\" hidden class=\"wp-block-file__embed\" data=\"https:\/\/www.childhoodhealth.com\/wp-content\/uploads\/2022\/03\/HIPAAFormB2_To-Clinic.pdf\" type=\"application\/pdf\" style=\"width:100%;height:600px\" aria-label=\"Incrustado de Embed of Medical Release Form..\"><\/object><a id=\"wp-block-file--media-1345c643-93d9-404b-b249-f9e7a8d257fb\" href=\"https:\/\/www.childhoodhealth.com\/wp-content\/uploads\/2022\/03\/HIPAAFormB2_To-Clinic.pdf\">Comunicado m\u00e9dico formulario<\/a><a href=\"https:\/\/www.childhoodhealth.com\/wp-content\/uploads\/2022\/03\/HIPAAFormB2_To-Clinic.pdf\" class=\"wp-block-file__button\" download aria-describedby=\"wp-block-file--media-1345c643-93d9-404b-b249-f9e7a8d257fb\">Descargar<\/a><\/div>\n<\/div>\n\n\n\n<div class=\"wp-block-column is-layout-flow wp-block-column-is-layout-flow\"><\/div>\n<\/div>","protected":false},"excerpt":{"rendered":"<p>Before your first appointment You can save time by downloading and filling out the the registration and medical history forms. If the patient is transferring from another provider, please fill out the Medical Release form as well so we can obtain past medical records to help better serve you. Registration Forms Medical History Forms Medical &hellip;<\/p>","protected":false},"author":1,"featured_media":0,"parent":0,"menu_order":0,"comment_status":"closed","ping_status":"closed","template":"","meta":{"advanced_seo_description":"","jetpack_seo_html_title":"","jetpack_seo_noindex":false,"footnotes":""},"class_list":["post-62","page","type-page","status-publish","hentry","entry"],"jetpack_sharing_enabled":true,"_links":{"self":[{"href":"https:\/\/www.childhoodhealth.com\/es\/wp-json\/wp\/v2\/pages\/62","targetHints":{"allow":["GET"]}}],"collection":[{"href":"https:\/\/www.childhoodhealth.com\/es\/wp-json\/wp\/v2\/pages"}],"about":[{"href":"https:\/\/www.childhoodhealth.com\/es\/wp-json\/wp\/v2\/types\/page"}],"author":[{"embeddable":true,"href":"https:\/\/www.childhoodhealth.com\/es\/wp-json\/wp\/v2\/users\/1"}],"replies":[{"embeddable":true,"href":"https:\/\/www.childhoodhealth.com\/es\/wp-json\/wp\/v2\/comments?post=62"}],"version-history":[{"count":10,"href":"https:\/\/www.childhoodhealth.com\/es\/wp-json\/wp\/v2\/pages\/62\/revisions"}],"predecessor-version":[{"id":709,"href":"https:\/\/www.childhoodhealth.com\/es\/wp-json\/wp\/v2\/pages\/62\/revisions\/709"}],"wp:attachment":[{"href":"https:\/\/www.childhoodhealth.com\/es\/wp-json\/wp\/v2\/media?parent=62"}],"curies":[{"name":"wp","href":"https:\/\/api.w.org\/{rel}","templated":true}]}}