{"id":46,"date":"2021-08-19T23:28:14","date_gmt":"2021-08-19T23:28:14","guid":{"rendered":"https:\/\/www.childhoodhealth.com.dream.website\/?page_id=46"},"modified":"2022-08-19T21:20:14","modified_gmt":"2022-08-19T21:20:14","slug":"covid-19","status":"publish","type":"page","link":"https:\/\/www.childhoodhealth.com\/es\/covid-19\/","title":{"rendered":"Covid-19"},"content":{"rendered":"<h2 class=\"wp-block-heading\">S\u00edntomas<\/h2>\n\n\n\n<p>The symptoms of Covid-19 infection may include cough, congestion, sore throat, fever and difficulty breathing, or even vomiting and diarrhea. Most people also experience fatigue and body aches. Unfortunately, these symptoms are shared with many other respiratory viruses that children commonly get. Home tests are widely available now and quite accurate.<\/p>\n\n\n\n<h2 class=\"wp-block-heading\">Prevention<\/h2>\n\n\n\n<p>The best way to prevent your children or you from catching COVID-19 is by vaccination. There are now vaccines for every age group starting as young as six months of age and your child can be vaccinated at our office at any scheduled regular appointment or you may call us for a vaccine-only appointment. <\/p>\n\n\n\n<p>Universal indoor masking is no longer required in the state of Oregon but many people will choose to still wear masks in higher-risk settings where it is more difficult to carry out social distancing. Hand hygiene also remains an important way to help control all infectious diseases. <\/p>\n\n\n\n<p>Currently, universal masking is still required in health care setting such as our office, along with other clinics, pharmacies, hospitals, dental offices, and lab\/x-ray facilities. <\/p>\n\n\n\n<h2 class=\"wp-block-heading\">Tratamiento<\/h2>\n\n\n\n<p>Most children and teens with COVID-19 will not need any particular treatment for COVID-19 and will have a mild illness. Children with asthma should have their medications on hand and\u00a0be\u00a0using them as prescribed. If symptoms are mild,\u00a0the\u00a0best advice is to stay home, reduce contact with others, increase rest and fluid intake. If symptoms are severe, particularly\u00a0if there are\u00a0concerns around breathing please contact us or call 911. <\/p>\n\n\n\n<p>Older children who are unvaccinated and have certain chronic health conditions may benefit from oral anti-viral treatment such as Paxlovid. More information is available at <a href=\"https:\/\/www.cdc.gov\/coronavirus\/2019-ncov\/your-health\/treatments-for-severe-illness.html\">https:\/\/www.cdc.gov\/coronavirus\/2019-ncov\/your-health\/treatments-for-severe-illness.html<\/a><\/p>\n\n\n\n<p>Our clinic has returned to a normal, pre-pandemic schedule with well visits for all ages, chronic disease management, and a separate daily schedule for children who are more likely to be contagious and who are seen in one part of our building with a separate entrance. We continue to also offer video visits over a secure Zoom platform.  At this time we are not able to accommodate walk-in appointments due to the need to continue to screen for COVID-19 risk. <\/p>\n\n\n\n<h2 class=\"wp-block-heading\">Recursos<\/h2>\n\n\n\n<ul class=\"is-style-checkbox wp-block-list\"><li><a href=\"https:\/\/www.who.int\/emergencies\/diseases\/novel-coronavirus-2019\/events-as-they-happen\">WHO Covid-19 information<\/a><\/li><li><a href=\"https:\/\/www.cdc.gov\/coronavirus\/2019-ncov\/index.html\">CDC Covid-19 information<\/a><\/li><li><a href=\"https:\/\/govstatus.egov.com\/OR-OHA-COVID-19\">Oregon Health Authority Covid-19<\/a>&nbsp;tendr\u00e1 la informaci\u00f3n m\u00e1s actualizada sobre el n\u00famero de casos en quir\u00f3fano, as\u00ed como las recomendaciones actuales para la prevenci\u00f3n<\/li><li><a href=\"https:\/\/www.cdc.gov\/coronavirus\/2019-ncov\/symptoms-testing\/index.html\">CDC Covid Symptom Self-Checker<\/a>&nbsp;es un \"bot\" de chat que puede ayudarlo a comprender su riesgo de tener la infecci\u00f3n seg\u00fan las preguntas que hace. No parece que se recopile ninguna informaci\u00f3n personal para usar esto.<\/li><li><a href=\"https:\/\/www.healthychildren.org\/English\/health-issues\/conditions\/chest-lungs\/Pages\/2019-Novel-Coronavirus.aspx\">HealthyChildren.org Covid-19 page<\/a>&nbsp;tiene excelentes consejos sobre prevenci\u00f3n y actividades en el hogar (Recurso de informaci\u00f3n para padres de la AAP)<\/li><\/ul>\n\n\n\n<p><\/p>","protected":false},"excerpt":{"rendered":"<p>Symptoms The symptoms of Covid-19 infection may include cough, congestion, sore throat, fever and difficulty breathing, or even vomiting and diarrhea. Most people also experience fatigue and body aches. Unfortunately, these symptoms are shared with many other respiratory viruses that children commonly get. Home tests are widely available now and quite accurate. Prevention The best &hellip;<\/p>","protected":false},"author":1,"featured_media":0,"parent":0,"menu_order":0,"comment_status":"closed","ping_status":"closed","template":"","meta":{"advanced_seo_description":"","jetpack_seo_html_title":"","jetpack_seo_noindex":false,"footnotes":""},"class_list":["post-46","page","type-page","status-publish","hentry","entry"],"jetpack_sharing_enabled":true,"_links":{"self":[{"href":"https:\/\/www.childhoodhealth.com\/es\/wp-json\/wp\/v2\/pages\/46","targetHints":{"allow":["GET"]}}],"collection":[{"href":"https:\/\/www.childhoodhealth.com\/es\/wp-json\/wp\/v2\/pages"}],"about":[{"href":"https:\/\/www.childhoodhealth.com\/es\/wp-json\/wp\/v2\/types\/page"}],"author":[{"embeddable":true,"href":"https:\/\/www.childhoodhealth.com\/es\/wp-json\/wp\/v2\/users\/1"}],"replies":[{"embeddable":true,"href":"https:\/\/www.childhoodhealth.com\/es\/wp-json\/wp\/v2\/comments?post=46"}],"version-history":[{"count":5,"href":"https:\/\/www.childhoodhealth.com\/es\/wp-json\/wp\/v2\/pages\/46\/revisions"}],"predecessor-version":[{"id":653,"href":"https:\/\/www.childhoodhealth.com\/es\/wp-json\/wp\/v2\/pages\/46\/revisions\/653"}],"wp:attachment":[{"href":"https:\/\/www.childhoodhealth.com\/es\/wp-json\/wp\/v2\/media?parent=46"}],"curies":[{"name":"wp","href":"https:\/\/api.w.org\/{rel}","templated":true}]}}